{"id":5423,"date":"2017-09-27T15:27:27","date_gmt":"2017-09-27T19:27:27","guid":{"rendered":"https:\/\/www.datacarte.com\/?page_id=5423\/"},"modified":"2025-08-14T11:41:22","modified_gmt":"2025-08-14T15:41:22","slug":"about-datacarte-concepts","status":"publish","type":"page","link":"https:\/\/datacarte.acxcomdev.com\/en\/about-datacarte-concepts\/","title":{"rendered":"About Data Carte Concepts"},"content":{"rendered":"<p>[et_pb_section fb_built=&#8221;1&#8243; _builder_version=&#8221;4.27.4&#8243; _module_preset=&#8221;default&#8221; custom_padding=&#8221;70px||70px||true|&#8221; global_colors_info=&#8221;{}&#8221;][et_pb_row _builder_version=&#8221;4.27.4&#8243; _module_preset=&#8221;default&#8221; custom_padding=&#8221;12px||12px||true|false&#8221; global_colors_info=&#8221;{}&#8221;][et_pb_column type=&#8221;4_4&#8243; _builder_version=&#8221;4.27.4&#8243; _module_preset=&#8221;default&#8221; global_colors_info=&#8221;{}&#8221;][et_pb_text admin_label=&#8221;\u00c0 Propos&#8221; module_class=&#8221;acx-light&#8221; _builder_version=&#8221;4.27.4&#8243; _module_preset=&#8221;default&#8221; header_font=&#8221;|300||on|||||&#8221; header_text_align=&#8221;center&#8221; header_font_size=&#8221;70px&#8221; text_orientation=&#8221;center&#8221; custom_margin=&#8221;||-1px|||&#8221; custom_padding=&#8221;0px||13px|||&#8221; header_font_size_tablet=&#8221;60px&#8221; header_font_size_phone=&#8221;40px&#8221; header_font_size_last_edited=&#8221;on|phone&#8221; custom_css_free_form=&#8221;.acx-light h1 {font-weight:100!important;}&#8221; global_colors_info=&#8221;{}&#8221;]<\/p>\n<h1><strong>About <\/strong>us<\/h1>\n<p>[\/et_pb_text][et_pb_image src=&#8221;https:\/\/datacarte.acxcomdev.com\/wp-content\/uploads\/2024\/12\/datacarte-concept-a-propos.jpg&#8221; title_text=&#8221;datacarte-concept-a-propos&#8221; align=&#8221;center&#8221; _builder_version=&#8221;4.27.4&#8243; _module_preset=&#8221;default&#8221; max_width=&#8221;1000px&#8221; module_alignment=&#8221;center&#8221; custom_margin=&#8221;|-67px|||false|false&#8221; hover_enabled=&#8221;0&#8243; global_colors_info=&#8221;{}&#8221; show_bottom_space=&#8221;off&#8221; sticky_enabled=&#8221;0&#8243;][\/et_pb_image][et_pb_text admin_label=&#8221;Experts en solutions d\u2019identification depuis plus de 20 ans&#8221; _builder_version=&#8221;4.27.4&#8243; _module_preset=&#8221;default&#8221; header_3_font=&#8221;|700||on|||||&#8221; header_3_text_align=&#8221;left&#8221; header_3_text_color=&#8221;#85a9dc&#8221; header_3_font_size=&#8221;28px&#8221; header_4_font=&#8221;|700||on|||||&#8221; header_4_text_align=&#8221;center&#8221; header_4_text_color=&#8221;#81a6db&#8221; header_4_font_size=&#8221;20px&#8221; custom_margin=&#8221;||-20px||false|false&#8221; custom_padding=&#8221;19px||0px||false|false&#8221; header_3_font_size_tablet=&#8221;28px&#8221; header_3_font_size_phone=&#8221;28px&#8221; header_3_font_size_last_edited=&#8221;on|desktop&#8221; global_colors_info=&#8221;{}&#8221;]<\/p>\n<h3>Experts in Identification Solutions for More Than 20 Years<\/h3>\n<p>[\/et_pb_text][et_pb_text admin_label=&#8221;Data Carte Concepts est fier d&#8217;\u00eatre un membre&#8230;&#8221; _builder_version=&#8221;4.27.4&#8243; _module_preset=&#8221;default&#8221; header_4_font=&#8221;|700||on|||||&#8221; header_4_text_align=&#8221;center&#8221; header_4_text_color=&#8221;#81a6db&#8221; header_4_font_size=&#8221;20px&#8221; custom_padding=&#8221;19px|||||&#8221; global_colors_info=&#8221;{}&#8221;]<\/p>\n<p><strong>Data Carte Concepts is proud to be a <a style=\"color: #505050;\" href=\"https:\/\/www.datacarte.com\/nouvelles\/dcc-membre-association-isg\/\" target=\"_blank\" rel=\"noopener\">member of the ISG association <\/a> (<a href=\"https:\/\/www.identificationsystemsgroup.com\/\" target=\"_blank\" rel=\"noopener\">Identification Systems Group<\/a>) since 2014.<\/strong><\/p>\n<p><\/p>\n<p>Data Carte Concepts is a Qu\u00e9bec society whose mandate is to provide, integrate and support identification solutions for people and goods. Located in Montreal, Data Carte Concepts covers a customer base across the Province of Quebec and Eastern Ontario. Since its inception, Data Carte Concepts has acquired an enviable reputation as a leading provider possessing an incomparable expertise in the identification industry.<\/p>\n<p><\/p>\n<p>Data Carte Concepts\u2019 approach is based on turnkey solutions: this approach is made possible due to our vast selection of available products and our structured and efficient network of alliances and partnerships with various manufacturers. Data Carte Concepts constantly seek to reinvent itself with new avant-garde projects and intends to remain the top provider of identification solutions in Quebec. To accomplish this, we follow a simple rule: our experts strive to provide tailor-made solutions to fit each of our clients\u2019 needs.<\/p>\n<p>[\/et_pb_text][et_pb_button button_url=&#8221;https:\/\/datacarte.acxcomdev.com\/wp-content\/uploads\/2021\/12\/DCC_BrochureCorpoEN.pdf&#8221; button_text=&#8221;Corporate Brochure (PDF)&#8221; button_alignment=&#8221;center&#8221; admin_label=&#8221;Bouton &#8211; Brochure Corporative (PDF)&#8221; _builder_version=&#8221;4.27.4&#8243; _module_preset=&#8221;default&#8221; global_colors_info=&#8221;{}&#8221;][\/et_pb_button][\/et_pb_column][\/et_pb_row][\/et_pb_section][et_pb_section fb_built=&#8221;1&#8243; _builder_version=&#8221;4.27.4&#8243; _module_preset=&#8221;default&#8221; background_color=&#8221;#f2f2f2&#8243; custom_padding=&#8221;70px||70px||true|&#8221; global_colors_info=&#8221;{}&#8221;][et_pb_row _builder_version=&#8221;4.27.4&#8243; _module_preset=&#8221;default&#8221; custom_padding=&#8221;12px||12px||true|false&#8221; global_colors_info=&#8221;{}&#8221;][et_pb_column type=&#8221;4_4&#8243; _builder_version=&#8221;4.27.4&#8243; _module_preset=&#8221;default&#8221; global_colors_info=&#8221;{}&#8221;][et_pb_text admin_label=&#8221;Pourquoi&#8221; module_class=&#8221;acx-light&#8221; _builder_version=&#8221;4.27.4&#8243; _module_preset=&#8221;default&#8221; header_font=&#8221;|300||on|||||&#8221; header_text_align=&#8221;center&#8221; header_font_size=&#8221;70px&#8221; text_orientation=&#8221;center&#8221; custom_margin=&#8221;||-1px|||&#8221; custom_padding=&#8221;0px||15px|||&#8221; header_font_size_tablet=&#8221;60px&#8221; header_font_size_phone=&#8221;40px&#8221; header_font_size_last_edited=&#8221;on|phone&#8221; custom_css_free_form=&#8221;.acx-light h1 {font-weight:100!important;}&#8221; global_colors_info=&#8221;{}&#8221;]<\/p>\n<h1><strong>Why<\/strong><\/h1>\n<p>[\/et_pb_text][et_pb_text admin_label=&#8221;Pourquoi faire affaire avec Data Carte Concepts?&#8221; _builder_version=&#8221;4.27.4&#8243; _module_preset=&#8221;default&#8221; header_3_font=&#8221;|700||on|||||&#8221; header_3_text_align=&#8221;left&#8221; header_3_text_color=&#8221;#85a9dc&#8221; header_3_font_size=&#8221;34px&#8221; header_4_font=&#8221;|700||on|||||&#8221; header_4_text_align=&#8221;center&#8221; header_4_text_color=&#8221;#81a6db&#8221; header_4_font_size=&#8221;20px&#8221; custom_margin=&#8221;||-20px||false|false&#8221; custom_padding=&#8221;19px||0px||false|false&#8221; header_3_font_size_tablet=&#8221;28px&#8221; header_3_font_size_phone=&#8221;28px&#8221; header_3_font_size_last_edited=&#8221;on|tablet&#8221; global_colors_info=&#8221;{}&#8221;]<\/p>\n<h3>Why choose Data Carte Concepts?<\/h3>\n<p>[\/et_pb_text][et_pb_text admin_label=&#8221;Expertise Fort de plus d&#8217;une vingtaine d&#8217;ann\u00e9es&#8230;&#8221; _builder_version=&#8221;4.27.4&#8243; _module_preset=&#8221;default&#8221; header_4_font=&#8221;|700||on|||||&#8221; header_4_text_align=&#8221;left&#8221; header_4_text_color=&#8221;#81a6db&#8221; header_4_font_size=&#8221;20px&#8221; custom_padding=&#8221;23px||||false|false&#8221; global_colors_info=&#8221;{}&#8221;]<\/p>\n<h4>Expertise<\/h4>\n<p><\/p>\n<p>With more than 15 years of experience in the industry, our experts are qualified to answer all your questions. From the evaluation of your options, to the purchase and maintenance of your products, our specialists can guide you through these steps to facilitate the integration of your identification system to your desired environment.<\/p>\n<p><\/p>\n<h4>Quality<\/h4>\n<p><\/p>\n<p>We offer the most advanced identification technology available on the market. Our warehouse contains a wide range of products which allows us to quickly and efficiently respond to our clients\u2019 needs (equipments, software, accessories, and more). The versatility of the products offered enables the customization of identification solution to befit your specific needs.<\/p>\n<p><\/p>\n<h4>Customer Service<\/h4>\n<p><\/p>\n<p>Our unequalled reputation is based on our superior after-sales service executed from our certified personnel. We make sure to support the identification systems of our clients throughout their products\u2019 life cycle by providing appropriate technical support, supplies, and accessories. With our stocked inventory, we are prepared for any contingency in terms of repair and customer support.<\/p>\n<p>[\/et_pb_text][\/et_pb_column][\/et_pb_row][\/et_pb_section][et_pb_section fb_built=&#8221;1&#8243; _builder_version=&#8221;4.27.4&#8243; _module_preset=&#8221;default&#8221; custom_padding=&#8221;70px||70px||true|&#8221; global_colors_info=&#8221;{}&#8221;][et_pb_row _builder_version=&#8221;4.27.4&#8243; _module_preset=&#8221;default&#8221; custom_padding=&#8221;12px||12px||true|false&#8221; global_colors_info=&#8221;{}&#8221;][et_pb_column type=&#8221;4_4&#8243; _builder_version=&#8221;4.27.4&#8243; _module_preset=&#8221;default&#8221; global_colors_info=&#8221;{}&#8221;][et_pb_text admin_label=&#8221;Culture d\u2019entreprise&#8221; module_class=&#8221;acx-light&#8221; _builder_version=&#8221;4.27.4&#8243; _module_preset=&#8221;default&#8221; header_font=&#8221;|300||on|||||&#8221; header_text_align=&#8221;center&#8221; header_font_size=&#8221;70px&#8221; text_orientation=&#8221;center&#8221; custom_margin=&#8221;||-1px|||&#8221; custom_padding=&#8221;0px||15px|||&#8221; header_font_size_tablet=&#8221;60px&#8221; header_font_size_phone=&#8221;40px&#8221; header_font_size_last_edited=&#8221;on|tablet&#8221; custom_css_free_form=&#8221;.acx-light h1 {font-weight:100!important;}&#8221; global_colors_info=&#8221;{}&#8221;]<\/p>\n<h1><strong>Corporate <\/strong>culture<\/h1>\n<p>[\/et_pb_text][et_pb_text admin_label=&#8221;Le concept d\u2019\u00e9quipe chez Data&#8230;&#8221; _builder_version=&#8221;4.27.4&#8243; _module_preset=&#8221;default&#8221; header_4_font=&#8221;|700||on|||||&#8221; header_4_text_align=&#8221;center&#8221; header_4_text_color=&#8221;#81a6db&#8221; header_4_font_size=&#8221;20px&#8221; custom_padding=&#8221;19px|||||&#8221; global_colors_info=&#8221;{}&#8221;]<\/p>\n<p>Data Carte Concepts\u2019 philosophy of working in close and supported collaboration helps ensure that all efforts are concerted and oriented towards our customers\u2019 satisfaction.<\/p>\n<p><\/p>\n<p>DCC is an eco-friendly company. Our employees are involved in a constant effort to recycle all reusable items such as plastic containers, cardboard boxes, paper wrap and the likes. Thus, we generate a far greater amount of recyclable material than trash. On top of that, we pledge to provide our clients with the most recent generation of green products, ranging from Energy Star, WEE and RoHS (Europe) certified hardware to biodegradable ribbon cores. Not only do we provide secure identification solutions, but we scrupulously protect the information of our clients by destroying rejected cards, print ribbons and any other surface containing sensitive data.<\/p>\n<p>[\/et_pb_text][\/et_pb_column][\/et_pb_row][et_pb_row column_structure=&#8221;1_3,1_3,1_3&#8243; _builder_version=&#8221;4.27.4&#8243; _module_preset=&#8221;default&#8221; width=&#8221;50%&#8221; max_width=&#8221;50%&#8221; global_colors_info=&#8221;{}&#8221;][et_pb_column type=&#8221;1_3&#8243; _builder_version=&#8221;4.27.4&#8243; _module_preset=&#8221;default&#8221; global_colors_info=&#8221;{}&#8221;][et_pb_image src=&#8221;https:\/\/datacarte.acxcomdev.com\/wp-content\/uploads\/2011\/07\/image001.png&#8221; align_tablet=&#8221;center&#8221; align_phone=&#8221;right&#8221; align_last_edited=&#8221;on|phone&#8221; admin_label=&#8221;ENERGY STAR&#8221; _builder_version=&#8221;4.27.4&#8243; _module_preset=&#8221;default&#8221; height=&#8221;200px&#8221; height_tablet=&#8221;auto&#8221; height_phone=&#8221;auto&#8221; height_last_edited=&#8221;on|tablet&#8221; custom_margin_tablet=&#8221;|-120px|||false|false&#8221; custom_margin_phone=&#8221;|-90px|||false|false&#8221; custom_margin_last_edited=&#8221;on|tablet&#8221; custom_padding_tablet=&#8221;||||false|false&#8221; custom_padding_phone=&#8221;||||false|false&#8221; custom_padding_last_edited=&#8221;on|tablet&#8221; global_colors_info=&#8221;{}&#8221;][\/et_pb_image][\/et_pb_column][et_pb_column type=&#8221;1_3&#8243; _builder_version=&#8221;4.27.4&#8243; _module_preset=&#8221;default&#8221; global_colors_info=&#8221;{}&#8221;][et_pb_image src=&#8221;https:\/\/datacarte.acxcomdev.com\/wp-content\/uploads\/2011\/07\/image003.jpg&#8221; align=&#8221;center&#8221; align_tablet=&#8221;center&#8221; align_phone=&#8221;right&#8221; align_last_edited=&#8221;on|phone&#8221; admin_label=&#8221;ROHS&#8221; _builder_version=&#8221;4.27.4&#8243; _module_preset=&#8221;default&#8221; height=&#8221;200px&#8221; height_tablet=&#8221;auto&#8221; height_phone=&#8221;auto&#8221; height_last_edited=&#8221;on|tablet&#8221; custom_margin_tablet=&#8221;|-120px|||false|false&#8221; custom_margin_phone=&#8221;|-30px|||false|false&#8221; custom_margin_last_edited=&#8221;on|phone&#8221; global_colors_info=&#8221;{}&#8221;][\/et_pb_image][\/et_pb_column][et_pb_column type=&#8221;1_3&#8243; _builder_version=&#8221;4.27.4&#8243; _module_preset=&#8221;default&#8221; global_colors_info=&#8221;{}&#8221;][et_pb_image src=&#8221;https:\/\/datacarte.acxcomdev.com\/wp-content\/uploads\/2011\/07\/image005.png&#8221; title_text=&#8221;image005&#8243; align=&#8221;right&#8221; align_tablet=&#8221;center&#8221; align_phone=&#8221;right&#8221; align_last_edited=&#8221;on|tablet&#8221; admin_label=&#8221;WEEE&#8221; _builder_version=&#8221;4.27.4&#8243; _module_preset=&#8221;default&#8221; height=&#8221;200px&#8221; height_tablet=&#8221;auto&#8221; height_phone=&#8221;auto&#8221; height_last_edited=&#8221;on|tablet&#8221; custom_margin_tablet=&#8221;|-120px|||false|false&#8221; custom_margin_phone=&#8221;|-116px|||false|false&#8221; custom_margin_last_edited=&#8221;on|phone&#8221; global_colors_info=&#8221;{}&#8221;][\/et_pb_image][\/et_pb_column][\/et_pb_row][\/et_pb_section]<\/p>\n","protected":false},"excerpt":{"rendered":"<p>About usExperts in Identification Solutions for More Than 20 YearsData Carte Concepts is proud to be a member of the ISG association (Identification Systems Group) since 2014.Data Carte Concepts is a Qu\u00e9bec society whose mandate is to provide, integrate and support identification solutions for people and goods. Located in Montreal, Data Carte Concepts covers a [&hellip;]<\/p>\n","protected":false},"author":2,"featured_media":0,"parent":0,"menu_order":40,"comment_status":"closed","ping_status":"closed","template":"","meta":{"_et_pb_use_builder":"on","_et_pb_old_content":"<h2>\u00c0 <strong>propos<\/strong><\/h2><p><img class=\"aligncenter size-full wp-image-5438\" src=\"https:\/\/datacarte.acxcomdev.com\/wp-content\/uploads\/2011\/07\/datacarte-concept-a-propos.jpg\" alt=\"\" width=\"985\" height=\"519\" \/><\/p><p>[spacer]<\/p><p>[row]<\/p><p>[span12]<\/p><h3>Experts en solutions d\u2019identification depuis plus de 20 ans<\/h3><p><strong>Data Carte Concepts est fier d'\u00eatre un <a href=\"https:\/\/www.datacarte.com\/nouvelles\/dcc-membre-association-isg\/\">membre de l'association ISG<\/a> (<a href=\"https:\/\/www.identificationsystemsgroup.com\/\">Identification Systems Group<\/a>) depuis 2014.<\/strong><\/p><p>Data Carte Concepts est une soci\u00e9t\u00e9 qu\u00e9b\u00e9coise qui s\u2019est dot\u00e9e comme mission de fournir, d\u2019int\u00e9grer et de supporter des syst\u00e8mes d\u2019identification d\u2019individus et de biens. Bas\u00e9e \u00e0 Montr\u00e9al, Data Carte Concepts couvre une client\u00e8le qui s\u2019\u00e9tend partout au Qu\u00e9bec et dans l\u2019Est de l\u2019Ontario. Depuis ses d\u00e9buts, Data Carte Concepts est reconnue comme une entreprise novatrice ayant une expertise incomparable dans le domaine de l\u2019identification.<\/p><p>L\u2019approche de Data Carte Concepts repose sur le concept \u00ab cl\u00e9s en main \u00bb : cette approche est possible gr\u00e2ce \u00e0 une large gamme de produits et solutions offerts ainsi qu\u2019\u00e0 un r\u00e9seau structur\u00e9 et efficace de partenariats et d\u2019alliances avec diff\u00e9rents manufacturiers. Data Carte Concepts se r\u00e9invente constamment avec de nouveaux projets d\u2019avant-garde et demeure l\u2019organisation de r\u00e9f\u00e9rence dans le secteur de l\u2019identification. Pour ce faire, notre r\u00e8gle est simple : nos sp\u00e9cialistes travaillent pour fournir aux clients une solution efficace r\u00e9pondant \u00e0 leurs besoins pr\u00e9cis.<\/p><p>[spacer]<\/p><div style=\"text-align: center;\"><a class=\"btn btn-primary\" href=\"https:\/\/datacarte.acxcomdev.com\/wp-content\/uploads\/2011\/07\/Brochure-Corpo.pdf\">Brochure Corporative (PDF)<\/a><\/div><p>[spacer][spacer]<\/p><p>[\/span12]<\/p><p>[\/row]<\/p><p>[content_box custom_class=\"team\"]<\/p><p>[custom_element element=\"div\" css_class=\"team_wrapper\" inner_wrapper=\"false\"]<\/p><p>[row]<\/p><p>[span12]<\/p><h2>Pourquoi<\/h2><h3>Pourquoi faire affaire avec Data Carte Concepts?<\/h3><h4>Expertise<\/h4><p>Fort de plus d'une vingtaine d'ann\u00e9es d\u2019exp\u00e9rience dans le domaine de l\u2019identification, nos experts sont qualifi\u00e9s pour r\u00e9pondre \u00e0 tous vos besoins. De l\u2019\u00e9valuation des options \u00e0 l\u2019acquisition et au service apr\u00e8s-vente, nos sp\u00e9cialistes vous guident pour vous aider \u00e0 implanter le plus facilement et efficacement possible un syst\u00e8me \u00e0 votre environnement.<\/p><h4>Qualit\u00e9<\/h4><p>Nous offrons les technologies les plus avanc\u00e9es sur le march\u00e9 en mati\u00e8re d\u2019identification. Notre atelier contient un grand nombre d\u2019items permettant de r\u00e9pondre rapidement et efficacement \u00e0 tous vos besoins (\u00e9quipements, logiciels, accessoires, fournitures et pi\u00e8ces de rechange). La versatilit\u00e9 des produits propos\u00e9s permet de personnaliser les solutions d\u2019identification \u00e0 vos besoins sp\u00e9cifiques et d\u2019en assurer le bon fonctionnement.<\/p><h4>Service \u00e0 la client\u00e8le<\/h4><p>Notre r\u00e9putation est bas\u00e9e sur notre support et service apr\u00e8s-vente sup\u00e9rieur r\u00e9alis\u00e9 par notre personnel qualifi\u00e9. Nous nous assurons de supporter les syst\u00e8mes d\u2019identification de nos clients jusqu\u2019\u00e0 la toute fin de leur vie, en fournissant le service apr\u00e8s-vente, le support technique, les fournitures et les accessoires appropri\u00e9s. Gr\u00e2ce \u00e0 notre inventaire complet, nous sommes pr\u00e9par\u00e9s \u00e0 toute \u00e9ventualit\u00e9 en mati\u00e8re de r\u00e9paration ou de soutien des appareils de nos clients.<\/p><p>[spacer]<\/p><p>[\/span12]<\/p><p>[\/row]<\/p><p>[\/custom_element]<\/p><p>[\/content_box]<\/p><p>[row]<\/p><p>[span12]<\/p><p>[spacer][spacer]<\/p><h2>Culture<strong> d\u2019entreprise<\/strong><\/h2><p>Le concept d\u2019\u00e9quipe chez Data Carte Concepts implique une collaboration proche et soutenue entre tous les employ\u00e9s, de sorte que tous leurs efforts soient concert\u00e9s et orient\u00e9s vers la satisfaction de notre client\u00e8le.<\/p><p>Data Carte Concepts est d\u00e9di\u00e9 \u00e0 la cause environnementale, et demande \u00e0 tous ses employ\u00e9s de contribuer \u00e0 l\u2019effort constant de recyclage des mati\u00e8res r\u00e9utilisables. Nous g\u00e9n\u00e9rons ainsi un volume beaucoup plus \u00e9lev\u00e9 de mati\u00e8res r\u00e9utilisables que de d\u00e9chets. De plus, nous nous engageons \u00e0 procurer \u00e0 nos clients la plus grande quantit\u00e9 possible de produits et de services \u00e9co-responsables, tels que les appareils certifi\u00e9s WEEE, RoHS et Energy Star, ainsi que des consommables biod\u00e9gradables. De plus, nous garantissons la protection des donn\u00e9es personnelles de nos clients en s\u2019assurant de d\u00e9truire les cartes rejet\u00e9es, rubans d\u2019impression utilis\u00e9s et toute autre donn\u00e9e qui est en notre possession.<\/p><p>[spacer][spacer]<\/p><p>[\/span12]<\/p><p>[\/row]<\/p><p>[row]<\/p><p>[span2]<br \/>[\/span2]<\/p><p>[span3]<br \/><img class=\"wp-image-5333 size-thumbnail alignleft\" src=\"https:\/\/datacarte.acxcomdev.com\/wp-content\/uploads\/2011\/07\/image001-150x150.png\" alt=\"\" width=\"150\" height=\"150\" \/><br \/>[\/span3]<\/p><p>[span2]<br \/><img class=\"wp-image-5334 size-thumbnail aligncenter\" src=\"https:\/\/datacarte.acxcomdev.com\/wp-content\/uploads\/2011\/07\/image003-150x150.jpg\" alt=\"\" width=\"150\" height=\"150\" \/><br \/>[\/span2]<\/p><p>[span3]<br \/><img class=\"wp-image-5335 size-thumbnail alignright\" src=\"https:\/\/datacarte.acxcomdev.com\/wp-content\/uploads\/2011\/07\/image005-150x150.png\" alt=\"\" width=\"150\" height=\"150\" \/><br \/>[\/span3]<\/p><p>[span2]<br \/>[\/span2]<\/p><p>[\/row]<\/p>","_et_gb_content_width":"","footnotes":""},"class_list":["post-5423","page","type-page","status-publish","hentry"],"_links":{"self":[{"href":"https:\/\/datacarte.acxcomdev.com\/en\/wp-json\/wp\/v2\/pages\/5423","targetHints":{"allow":["GET"]}}],"collection":[{"href":"https:\/\/datacarte.acxcomdev.com\/en\/wp-json\/wp\/v2\/pages"}],"about":[{"href":"https:\/\/datacarte.acxcomdev.com\/en\/wp-json\/wp\/v2\/types\/page"}],"author":[{"embeddable":true,"href":"https:\/\/datacarte.acxcomdev.com\/en\/wp-json\/wp\/v2\/users\/2"}],"replies":[{"embeddable":true,"href":"https:\/\/datacarte.acxcomdev.com\/en\/wp-json\/wp\/v2\/comments?post=5423"}],"version-history":[{"count":36,"href":"https:\/\/datacarte.acxcomdev.com\/en\/wp-json\/wp\/v2\/pages\/5423\/revisions"}],"predecessor-version":[{"id":12503,"href":"https:\/\/datacarte.acxcomdev.com\/en\/wp-json\/wp\/v2\/pages\/5423\/revisions\/12503"}],"wp:attachment":[{"href":"https:\/\/datacarte.acxcomdev.com\/en\/wp-json\/wp\/v2\/media?parent=5423"}],"curies":[{"name":"wp","href":"https:\/\/api.w.org\/{rel}","templated":true}]}}